{"id":511,"date":"2026-03-10T10:18:04","date_gmt":"2026-03-10T09:18:04","guid":{"rendered":"https:\/\/vague.nl\/?page_id=511"},"modified":"2026-04-16T08:53:23","modified_gmt":"2026-04-16T06:53:23","slug":"behandelingen-tarieven","status":"publish","type":"page","link":"https:\/\/vague.nl\/fr\/behandelingen-tarieven\/","title":{"rendered":"Traitements et taux"},"content":{"rendered":"<div data-elementor-type=\"wp-page\" data-elementor-id=\"511\" class=\"elementor elementor-511\" data-elementor-post-type=\"page\">\n\t\t\t\t<div class=\"elementor-element elementor-element-b716957 e-flex e-con-boxed e-con e-parent\" data-id=\"b716957\" data-element_type=\"container\" data-e-type=\"container\" data-settings=\"{&quot;background_background&quot;:&quot;classic&quot;,&quot;jet_parallax_layout_list&quot;:[]}\">\n\t\t\t\t\t<div class=\"e-con-inner\">\n\t\t<div class=\"elementor-element elementor-element-a13ccc7 e-con-full e-flex elementor-invisible e-con e-child\" data-id=\"a13ccc7\" data-element_type=\"container\" data-e-type=\"container\" data-settings=\"{&quot;animation&quot;:&quot;fadeInLeft&quot;,&quot;jet_parallax_layout_list&quot;:[]}\">\n\t\t\t\t<div class=\"elementor-element elementor-element-6d8490c elementor-widget elementor-widget-heading\" data-id=\"6d8490c\" data-element_type=\"widget\" data-e-type=\"widget\" data-widget_type=\"heading.default\">\n\t\t\t\t<div class=\"elementor-widget-container\">\n\t\t\t\t\t<h1 class=\"elementor-heading-title elementor-size-default\">Traitements et taux<\/h1>\t\t\t\t<\/div>\n\t\t\t\t<\/div>\n\t\t\t\t<\/div>\n\t\t\t\t\t<\/div>\n\t\t\t\t<\/div>\n\t\t<div class=\"elementor-element elementor-element-b90aec2 e-flex e-con-boxed e-con e-parent\" data-id=\"b90aec2\" data-element_type=\"container\" data-e-type=\"container\" data-settings=\"{&quot;jet_parallax_layout_list&quot;:[],&quot;background_background&quot;:&quot;classic&quot;}\">\n\t\t\t\t\t<div class=\"e-con-inner\">\n\t\t<div class=\"elementor-element elementor-element-818e4ea e-con-full e-flex elementor-invisible e-con e-child\" data-id=\"818e4ea\" data-element_type=\"container\" data-e-type=\"container\" data-settings=\"{&quot;animation&quot;:&quot;fadeInLeft&quot;,&quot;jet_parallax_layout_list&quot;:[]}\">\n\t\t\t\t<div class=\"elementor-element elementor-element-b4f2406 elementor-widget elementor-widget-heading\" data-id=\"b4f2406\" data-element_type=\"widget\" data-e-type=\"widget\" data-widget_type=\"heading.default\">\n\t\t\t\t<div class=\"elementor-widget-container\">\n\t\t\t\t\t<h6 class=\"elementor-heading-title elementor-size-default\">Qualit\u00e9-prix<\/h6>\t\t\t\t<\/div>\n\t\t\t\t<\/div>\n\t\t\t\t<div class=\"elementor-element elementor-element-0e7633c elementor-widget elementor-widget-heading\" data-id=\"0e7633c\" data-element_type=\"widget\" data-e-type=\"widget\" data-widget_type=\"heading.default\">\n\t\t\t\t<div class=\"elementor-widget-container\">\n\t\t\t\t\t<h2 class=\"elementor-heading-title elementor-size-default\">Fournir une qualit\u00e9 sup\u00e9rieure \u00e0 un bon prix <\/h2>\t\t\t\t<\/div>\n\t\t\t\t<\/div>\n\t\t\t\t<div class=\"elementor-element elementor-element-a6dbb8a elementor-widget elementor-widget-text-editor\" data-id=\"a6dbb8a\" data-element_type=\"widget\" data-e-type=\"widget\" data-widget_type=\"text-editor.default\">\n\t\t\t\t<div class=\"elementor-widget-container\">\n\t\t\t\t\t\t\t\t\t<p>Notre principe directeur : fournir une qualit\u00e9 sup\u00e9rieure \u00e0 un bon prix. Consultez nos prix ci-dessous.<\/p>\t\t\t\t\t\t\t\t<\/div>\n\t\t\t\t<\/div>\n\t\t\t\t<div class=\"elementor-element elementor-element-1cca20a elementor-widget elementor-widget-button\" data-id=\"1cca20a\" data-element_type=\"widget\" data-e-type=\"widget\" data-widget_type=\"button.default\">\n\t\t\t\t<div class=\"elementor-widget-container\">\n\t\t\t\t\t\t\t\t\t<div class=\"elementor-button-wrapper\">\n\t\t\t\t\t<a class=\"elementor-button elementor-button-link elementor-size-md\" href=\"https:\/\/vague.nl\/fr\/contact\/\">\n\t\t\t\t\t\t<span class=\"elementor-button-content-wrapper\">\n\t\t\t\t\t\t<span class=\"elementor-button-icon\">\n\t\t\t\t<i aria-hidden=\"true\" class=\"icon icon-arrow-right\"><\/i>\t\t\t<\/span>\n\t\t\t\t\t\t\t\t\t<span class=\"elementor-button-text\">Prendre rendez-vous<\/span>\n\t\t\t\t\t<\/span>\n\t\t\t\t\t<\/a>\n\t\t\t\t<\/div>\n\t\t\t\t\t\t\t\t<\/div>\n\t\t\t\t<\/div>\n\t\t\t\t<\/div>\n\t\t<div class=\"elementor-element elementor-element-f54b290 e-con-full e-flex e-con e-child\" data-id=\"f54b290\" data-element_type=\"container\" data-e-type=\"container\" data-settings=\"{&quot;jet_parallax_layout_list&quot;:[]}\">\n\t\t\t\t<div class=\"elementor-element elementor-element-2a587bf elementor-invisible elementor-widget elementor-widget-image\" data-id=\"2a587bf\" data-element_type=\"widget\" data-e-type=\"widget\" data-settings=\"{&quot;_animation&quot;:&quot;fadeInDown&quot;}\" data-widget_type=\"image.default\">\n\t\t\t\t<div class=\"elementor-widget-container\">\n\t\t\t\t\t\t\t\t\t\t\t\t\t\t\t<img fetchpriority=\"high\" decoding=\"async\" width=\"1707\" height=\"2560\" src=\"https:\/\/vague.nl\/wp-content\/uploads\/2026\/04\/202603-Vague-MaisonRowena-9.webp\" class=\"attachment-full size-full wp-image-959\" alt=\"\" srcset=\"https:\/\/vague.nl\/wp-content\/uploads\/2026\/04\/202603-Vague-MaisonRowena-9.webp 1707w, https:\/\/vague.nl\/wp-content\/uploads\/2026\/04\/202603-Vague-MaisonRowena-9-200x300.webp 200w, https:\/\/vague.nl\/wp-content\/uploads\/2026\/04\/202603-Vague-MaisonRowena-9-683x1024.webp 683w, https:\/\/vague.nl\/wp-content\/uploads\/2026\/04\/202603-Vague-MaisonRowena-9-768x1152.webp 768w, https:\/\/vague.nl\/wp-content\/uploads\/2026\/04\/202603-Vague-MaisonRowena-9-1024x1536.webp 1024w, https:\/\/vague.nl\/wp-content\/uploads\/2026\/04\/202603-Vague-MaisonRowena-9-1366x2048.webp 1366w, https:\/\/vague.nl\/wp-content\/uploads\/2026\/04\/202603-Vague-MaisonRowena-9-8x12.webp 8w\" sizes=\"(max-width: 1707px) 100vw, 1707px\" title=\"\">\t\t\t\t\t\t\t\t\t\t\t\t\t\t\t<\/div>\n\t\t\t\t<\/div>\n\t\t\t\t<div class=\"elementor-element elementor-element-bba9582 elementor-widget__width-initial elementor-absolute elementor-invisible elementor-widget elementor-widget-image\" data-id=\"bba9582\" data-element_type=\"widget\" data-e-type=\"widget\" data-settings=\"{&quot;_position&quot;:&quot;absolute&quot;,&quot;_animation&quot;:&quot;fadeInUp&quot;}\" data-widget_type=\"image.default\">\n\t\t\t\t<div class=\"elementor-widget-container\">\n\t\t\t\t\t\t\t\t\t\t\t\t\t\t\t<img decoding=\"async\" width=\"2560\" height=\"1707\" src=\"https:\/\/vague.nl\/wp-content\/uploads\/2026\/04\/202603-Vague-MaisonRowena-27.webp\" class=\"attachment-full size-full wp-image-979\" alt=\"\" srcset=\"https:\/\/vague.nl\/wp-content\/uploads\/2026\/04\/202603-Vague-MaisonRowena-27.webp 2560w, https:\/\/vague.nl\/wp-content\/uploads\/2026\/04\/202603-Vague-MaisonRowena-27-300x200.webp 300w, https:\/\/vague.nl\/wp-content\/uploads\/2026\/04\/202603-Vague-MaisonRowena-27-1024x683.webp 1024w, https:\/\/vague.nl\/wp-content\/uploads\/2026\/04\/202603-Vague-MaisonRowena-27-768x512.webp 768w, https:\/\/vague.nl\/wp-content\/uploads\/2026\/04\/202603-Vague-MaisonRowena-27-1536x1024.webp 1536w, https:\/\/vague.nl\/wp-content\/uploads\/2026\/04\/202603-Vague-MaisonRowena-27-2048x1366.webp 2048w, https:\/\/vague.nl\/wp-content\/uploads\/2026\/04\/202603-Vague-MaisonRowena-27-18x12.webp 18w\" sizes=\"(max-width: 2560px) 100vw, 2560px\" title=\"\">\t\t\t\t\t\t\t\t\t\t\t\t\t\t\t<\/div>\n\t\t\t\t<\/div>\n\t\t\t\t<\/div>\n\t\t\t\t\t<\/div>\n\t\t\t\t<\/div>\n\t\t<div class=\"elementor-element elementor-element-3c7b5fd e-grid e-con-boxed e-con e-parent\" data-id=\"3c7b5fd\" data-element_type=\"container\" data-e-type=\"container\" data-settings=\"{&quot;background_background&quot;:&quot;classic&quot;,&quot;jet_parallax_layout_list&quot;:[]}\">\n\t\t\t\t\t<div class=\"e-con-inner\">\n\t\t\t\t<div class=\"elementor-element elementor-element-90e94e3 elementor-widget elementor-widget-jet-price-list\" data-id=\"90e94e3\" data-element_type=\"widget\" data-e-type=\"widget\" data-widget_type=\"jet-price-list.default\">\n\t\t\t\t<div class=\"elementor-widget-container\">\n\t\t\t\t\t<div class=\"elementor-jet-price-list jet-elements\">\n<ul class=\"jet-price-list\"><li class=\"price-list__item\"><div class=\"price-list__item-inner\"><div class=\"price-list__item-content\"><div class=\"price-list__item-title__wrapper\"><h5 class=\"price-list__item-title\">Ladies wash cut cut blow dry long hair<\/h5><div class=\"price-list__item-separator\"><\/div><div class=\"price-list__item-price\">\u20ac52,50<\/div><\/div><\/div><\/div><\/li><li class=\"price-list__item\"><div class=\"price-list__item-inner\"><div class=\"price-list__item-content\"><div class=\"price-list__item-title__wrapper\"><h5 class=\"price-list__item-title\">Lavage et coupe de cheveux pour dames<\/h5><div class=\"price-list__item-separator\"><\/div><div class=\"price-list__item-price\">\u20ac52,50<\/div><\/div><\/div><\/div><\/li><li class=\"price-list__item\"><div class=\"price-list__item-inner\"><div class=\"price-list__item-content\"><div class=\"price-list__item-title__wrapper\"><h5 class=\"price-list__item-title\">\u00c9pilation \u00e0 la cire pour dames<\/h5><div class=\"price-list__item-separator\"><\/div><div class=\"price-list__item-price\">\u20ac34,50<\/div><\/div><\/div><\/div><\/li><li class=\"price-list__item\"><div class=\"price-list__item-inner\"><div class=\"price-list__item-content\"><div class=\"price-list__item-title__wrapper\"><h5 class=\"price-list__item-title\">Ladies washing blow-dry long hair<\/h5><div class=\"price-list__item-separator\"><\/div><div class=\"price-list__item-price\">\u20ac38,50<\/div><\/div><\/div><\/div><\/li><li class=\"price-list__item\"><div class=\"price-list__item-inner\"><div class=\"price-list__item-content\"><div class=\"price-list__item-title__wrapper\"><h5 class=\"price-list__item-title\">Lavage, coupe et s\u00e9chage des cheveux pour hommes<\/h5><div class=\"price-list__item-separator\"><\/div><div class=\"price-list__item-price\">\u20ac40<\/div><\/div><\/div><\/div><\/li><li class=\"price-list__item\"><div class=\"price-list__item-inner\"><div class=\"price-list__item-content\"><div class=\"price-list__item-title__wrapper\"><h5 class=\"price-list__item-title\">Ladies perming cut blow-dry long hair<\/h5><div class=\"price-list__item-separator\"><\/div><div class=\"price-list__item-price\">\u20ac152,50<\/div><\/div><\/div><\/div><\/li><li class=\"price-list__item\"><div class=\"price-list__item-inner\"><div class=\"price-list__item-content\"><div class=\"price-list__item-title__wrapper\"><h5 class=\"price-list__item-title\">Coiffure dames permanentes coupe<\/h5><div class=\"price-list__item-separator\"><\/div><div class=\"price-list__item-price\">\u20ac142,50<\/div><\/div><\/div><\/div><\/li><li class=\"price-list__item\"><div class=\"price-list__item-inner\"><div class=\"price-list__item-content\"><div class=\"price-list__item-title__wrapper\"><h5 class=\"price-list__item-title\">Enfants\/\u00e9tudiants lavage, coupe, coiffure<\/h5><div class=\"price-list__item-separator\"><\/div><div class=\"price-list__item-price\">\u20ac30<\/div><\/div><\/div><\/div><\/li><li class=\"price-list__item\"><div class=\"price-list__item-inner\"><div class=\"price-list__item-content\"><div class=\"price-list__item-title__wrapper\"><h5 class=\"price-list__item-title\">Excroissance des couleurs \/ all over<\/h5><div class=\"price-list__item-separator\"><\/div><div class=\"price-list__item-price\">\u20ac70 - 80 - 90<\/div><\/div><\/div><\/div><\/li><li class=\"price-list__item\"><div class=\"price-list__item-inner\"><div class=\"price-list__item-content\"><div class=\"price-list__item-title__wrapper\"><h5 class=\"price-list__item-title\">Bordure de couleur<\/h5><div class=\"price-list__item-separator\"><\/div><div class=\"price-list__item-price\">\u20ac22,50<\/div><\/div><\/div><\/div><\/li><li class=\"price-list__item\"><div class=\"price-list__item-inner\"><div class=\"price-list__item-content\"><div class=\"price-list__item-title__wrapper\"><h5 class=\"price-list__item-title\">Rincer les excroissances \/ sur toute la surface<\/h5><div class=\"price-list__item-separator\"><\/div><div class=\"price-list__item-price\">\u20ac62<\/div><\/div><\/div><\/div><\/li><li class=\"price-list__item\"><div class=\"price-list__item-inner\"><div class=\"price-list__item-content\"><div class=\"price-list__item-title__wrapper\"><h5 class=\"price-list__item-title\">Chapeau Coupe soleil<\/h5><div class=\"price-list__item-separator\"><\/div><div class=\"price-list__item-price\">\u20ac85 \/ \u20ac95 \/ \u20ac105<\/div><\/div><\/div><\/div><\/li><li class=\"price-list__item\"><div class=\"price-list__item-inner\"><div class=\"price-list__item-content\"><div class=\"price-list__item-title__wrapper\"><h5 class=\"price-list__item-title\">Coupe soleil foil<\/h5><div class=\"price-list__item-separator\"><\/div><div class=\"price-list__item-price\">\u20ac85 \/ \u20ac95 \/ \u20ac105<\/div><\/div><\/div><\/div><\/li><\/ul><\/div>\t\t\t\t<\/div>\n\t\t\t\t<\/div>\n\t\t\t\t<div class=\"elementor-element elementor-element-d0203ae elementor-widget elementor-widget-jet-price-list\" data-id=\"d0203ae\" data-element_type=\"widget\" data-e-type=\"widget\" data-widget_type=\"jet-price-list.default\">\n\t\t\t\t<div class=\"elementor-widget-container\">\n\t\t\t\t\t<div class=\"elementor-jet-price-list jet-elements\">\n<ul class=\"jet-price-list\"><li class=\"price-list__item\"><div class=\"price-list__item-inner\"><div class=\"price-list__item-content\"><div class=\"price-list__item-title__wrapper\"><h5 class=\"price-list__item-title\">Coupe soleil comb<\/h5><div class=\"price-list__item-separator\"><\/div><div class=\"price-list__item-price\">\u20ac20<\/div><\/div><\/div><\/div><\/li><li class=\"price-list__item\"><div class=\"price-list__item-inner\"><div class=\"price-list__item-content\"><div class=\"price-list__item-title__wrapper\"><h5 class=\"price-list__item-title\">Masque capillaire<\/h5><div class=\"price-list__item-separator\"><\/div><div class=\"price-list__item-price\">\u20ac20<\/div><\/div><\/div><\/div><\/li><li class=\"price-list__item\"><div class=\"price-list__item-inner\"><div class=\"price-list__item-content\"><div class=\"price-list__item-title__wrapper\"><h5 class=\"price-list__item-title\">\u00c9pilation<\/h5><div class=\"price-list__item-separator\"><\/div><div class=\"price-list__item-price\">\u20ac15,00<\/div><\/div><\/div><\/div><\/li><li class=\"price-list__item\"><div class=\"price-list__item-inner\"><div class=\"price-list__item-content\"><div class=\"price-list__item-title__wrapper\"><h5 class=\"price-list__item-title\">Coloration des sourcils<\/h5><div class=\"price-list__item-separator\"><\/div><div class=\"price-list__item-price\">\u20ac25<\/div><\/div><\/div><\/div><\/li><li class=\"price-list__item\"><div class=\"price-list__item-inner\"><div class=\"price-list__item-content\"><div class=\"price-list__item-title__wrapper\"><h5 class=\"price-list__item-title\">Manucure<\/h5><div class=\"price-list__item-separator\"><\/div><div class=\"price-list__item-price\">\u20ac22,50<\/div><\/div><\/div><\/div><\/li><li class=\"price-list__item\"><div class=\"price-list__item-inner\"><div class=\"price-list__item-content\"><div class=\"price-list__item-title__wrapper\"><h5 class=\"price-list__item-title\">Massage du cuir chevelu<\/h5><div class=\"price-list__item-separator\"><\/div><div class=\"price-list__item-price\">\u20ac20<\/div><\/div><\/div><\/div><\/li><li class=\"price-list__item\"><div class=\"price-list__item-inner\"><div class=\"price-list__item-content\"><div class=\"price-list__item-title__wrapper\"><h5 class=\"price-list__item-title\">Vagues d'eau<\/h5><div class=\"price-list__item-separator\"><\/div><div class=\"price-list__item-price\">\u20ac38,50<\/div><\/div><\/div><\/div><\/li><li class=\"price-list__item\"><div class=\"price-list__item-inner\"><div class=\"price-list__item-content\"><div class=\"price-list__item-title__wrapper\"><h5 class=\"price-list__item-title\">Walter golf longhair<\/h5><div class=\"price-list__item-separator\"><\/div><div class=\"price-list__item-price\">\u20ac38,50<\/div><\/div><\/div><\/div><\/li><li class=\"price-list__item\"><div class=\"price-list__item-inner\"><div class=\"price-list__item-content\"><div class=\"price-list__item-title__wrapper\"><h5 class=\"price-list__item-title\">Coiffure de mari\u00e9e en chignon<\/h5><div class=\"price-list__item-separator\"><\/div><div class=\"price-list__item-price\">\u20ac75<\/div><\/div><\/div><\/div><\/li><li class=\"price-list__item\"><div class=\"price-list__item-inner\"><div class=\"price-list__item-content\"><div class=\"price-list__item-title__wrapper\"><h5 class=\"price-list__item-title\">\u00c9levage<\/h5><div class=\"price-list__item-separator\"><\/div><div class=\"price-list__item-price\">\u20ac55<\/div><\/div><\/div><\/div><\/li><li class=\"price-list__item\"><div class=\"price-list__item-inner\"><div class=\"price-list__item-content\"><div class=\"price-list__item-title__wrapper\"><h5 class=\"price-list__item-title\">\u00c9lever des chats \u00e0 poil long<\/h5><div class=\"price-list__item-separator\"><\/div><div class=\"price-list__item-price\">\u20ac57,50<\/div><\/div><\/div><\/div><\/li><li class=\"price-list__item\"><div class=\"price-list__item-inner\"><div class=\"price-list__item-content\"><div class=\"price-list__item-title__wrapper\"><h5 class=\"price-list__item-title\">Maquillage<\/h5><div class=\"price-list__item-separator\"><\/div><div class=\"price-list__item-price\">\u20ac25<\/div><\/div><\/div><\/div><\/li><\/ul><\/div>\t\t\t\t<\/div>\n\t\t\t\t<\/div>\n\t\t\t\t\t<\/div>\n\t\t\t\t<\/div>\n\t\t\t\t<\/div>","protected":false},"excerpt":{"rendered":"<p>Behandelingen en tarieven Prijs kwaliteit Topkwaliteit leveren voor een goede prijs Onze uitgangspunten: topkwaliteit leveren voor een goede prijs. Bekijk onze prijzen hieronder. Boek een afspraak Dames wassen knippen f\u00f6hnen langhaar \u20ac52,50 Dames wassen knippen f\u00f6hnen \u20ac52,50 Dames wassen f\u00f6hnen \u20ac34,50 Dames wassen f\u00f6hnen langhaar \u20ac38,50 Heren wassen knippen f\u00f6hnen \u20ac40 Dames permanenten knippen f\u00f6hnen [&hellip;]<\/p>\n","protected":false},"author":1,"featured_media":0,"parent":0,"menu_order":0,"comment_status":"closed","ping_status":"closed","template":"elementor_header_footer","meta":{"footnotes":""},"class_list":["post-511","page","type-page","status-publish","hentry"],"_links":{"self":[{"href":"https:\/\/vague.nl\/fr\/wp-json\/wp\/v2\/pages\/511","targetHints":{"allow":["GET"]}}],"collection":[{"href":"https:\/\/vague.nl\/fr\/wp-json\/wp\/v2\/pages"}],"about":[{"href":"https:\/\/vague.nl\/fr\/wp-json\/wp\/v2\/types\/page"}],"author":[{"embeddable":true,"href":"https:\/\/vague.nl\/fr\/wp-json\/wp\/v2\/users\/1"}],"replies":[{"embeddable":true,"href":"https:\/\/vague.nl\/fr\/wp-json\/wp\/v2\/comments?post=511"}],"version-history":[{"count":89,"href":"https:\/\/vague.nl\/fr\/wp-json\/wp\/v2\/pages\/511\/revisions"}],"predecessor-version":[{"id":1034,"href":"https:\/\/vague.nl\/fr\/wp-json\/wp\/v2\/pages\/511\/revisions\/1034"}],"wp:attachment":[{"href":"https:\/\/vague.nl\/fr\/wp-json\/wp\/v2\/media?parent=511"}],"curies":[{"name":"wp","href":"https:\/\/api.w.org\/{rel}","templated":true}]}}